{"id":579,"date":"2010-04-28T12:15:03","date_gmt":"2010-04-28T16:15:03","guid":{"rendered":"http:\/\/www.storaalgo.se\/?page_id=579"},"modified":"2022-01-17T19:03:34","modified_gmt":"2022-01-17T18:03:34","slug":"karta","status":"publish","type":"page","link":"http:\/\/www.storaalgo.se\/?page_id=579","title":{"rendered":"Karta"},"content":{"rendered":"\n<p>Karta \u00f6ver 1:2 med tomter, allm\u00e4nning, och f\u00f6reningen \u00e4ger \u00e4ven Bokholmen samt Svartklippan (\u00f6ster om sydspetsen p\u00e5 Stora \u00c4lg\u00f6). Fr\u00e5n Lantm\u00e4teriet 2020-02-23.<\/p>\n\n\n<p><a href=\"http:\/\/www.storaalgo.se\/wp-content\/uploads\/2020\/02\/1-kolon-2-fastighet.png\"><img loading=\"lazy\" class=\"alignnone size-medium wp-image-1772\" src=\"http:\/\/www.storaalgo.se\/wp-content\/uploads\/2020\/02\/1-kolon-2-fastighet-243x300.png\" alt=\"\" width=\"243\" height=\"300\" srcset=\"http:\/\/www.storaalgo.se\/wp-content\/uploads\/2020\/02\/1-kolon-2-fastighet-243x300.png 243w, http:\/\/www.storaalgo.se\/wp-content\/uploads\/2020\/02\/1-kolon-2-fastighet.png 715w\" sizes=\"(max-width: 243px) 100vw, 243px\" \/><\/a><\/p>\n\n\n<ul><li><a rel=\"noreferrer noopener\" href=\"http:\/\/St \u00c4lg\u00f6 Bokholmen Svartklippan\" target=\"_blank\">En karta till<\/a>, \u00f6ppnas i nytt f\u00f6nster.<\/li><\/ul>\n","protected":false},"excerpt":{"rendered":"<p>Karta \u00f6ver 1:2 med tomter, allm\u00e4nning, och f\u00f6reningen \u00e4ger \u00e4ven Bokholmen samt Svartklippan (\u00f6ster om sydspetsen p\u00e5 Stora \u00c4lg\u00f6). Fr\u00e5n Lantm\u00e4teriet 2020-02-23. En karta till, \u00f6ppnas i nytt f\u00f6nster.<\/p>\n","protected":false},"author":4,"featured_media":0,"parent":63,"menu_order":50,"comment_status":"closed","ping_status":"open","template":"","meta":[],"_links":{"self":[{"href":"http:\/\/www.storaalgo.se\/index.php?rest_route=\/wp\/v2\/pages\/579"}],"collection":[{"href":"http:\/\/www.storaalgo.se\/index.php?rest_route=\/wp\/v2\/pages"}],"about":[{"href":"http:\/\/www.storaalgo.se\/index.php?rest_route=\/wp\/v2\/types\/page"}],"author":[{"embeddable":true,"href":"http:\/\/www.storaalgo.se\/index.php?rest_route=\/wp\/v2\/users\/4"}],"replies":[{"embeddable":true,"href":"http:\/\/www.storaalgo.se\/index.php?rest_route=%2Fwp%2Fv2%2Fcomments&post=579"}],"version-history":[{"count":13,"href":"http:\/\/www.storaalgo.se\/index.php?rest_route=\/wp\/v2\/pages\/579\/revisions"}],"predecessor-version":[{"id":2056,"href":"http:\/\/www.storaalgo.se\/index.php?rest_route=\/wp\/v2\/pages\/579\/revisions\/2056"}],"up":[{"embeddable":true,"href":"http:\/\/www.storaalgo.se\/index.php?rest_route=\/wp\/v2\/pages\/63"}],"wp:attachment":[{"href":"http:\/\/www.storaalgo.se\/index.php?rest_route=%2Fwp%2Fv2%2Fmedia&parent=579"}],"curies":[{"name":"wp","href":"https:\/\/api.w.org\/{rel}","templated":true}]}}