{"id":48,"date":"2009-12-09T11:19:46","date_gmt":"2009-12-09T15:19:46","guid":{"rendered":"http:\/\/www.storaalgo.se\/?page_id=48"},"modified":"2022-01-17T19:06:47","modified_gmt":"2022-01-17T18:06:47","slug":"stadning","status":"publish","type":"page","link":"http:\/\/www.storaalgo.se\/?page_id=48","title":{"rendered":"St\u00e4dning av marken"},"content":{"rendered":"<p><span style=\"vertical-align: inherit;\"><span style=\"vertical-align: inherit;\">En eller flera gemensamma st\u00e4dtillf\u00e4llen per \u00e5r samordnas av respektive markfogde. <\/span><span style=\"vertical-align: inherit;\">Kontakta g\u00e4rna markfogden som har hand om omr\u00e5det d\u00e4r du bor f\u00f6r mer information eller rekommendationer.<\/span><\/span><\/p>\n<p>F\u00f6r att f\u00e5 skog och ekosystem att trivas m\u00e5ste man l\u00e4mna, ris, kvistar och n\u00e5gra fallna tr\u00e4d kvar.<\/p>\n<p><span style=\"vertical-align: inherit;\"><span style=\"vertical-align: inherit;\">Vissa \u00e5r kommer elbolaget ut och r\u00f6jer tr\u00e4d som \u00e4r f\u00f6r n\u00e4ra el\u00e4nde, d\u00e5 g\u00e4ller f\u00f6ljande:<\/span><\/span><\/p>\n<ul>\n<li><span style=\"vertical-align: inherit;\"><span style=\"vertical-align: inherit;\">Alla tr\u00e4d som ligger i anknytning till tomtgr\u00e4ns tar var och en hand om efter b\u00e4sta f\u00f6rm\u00e5ga.<\/span><\/span><\/li>\n<\/ul>\n<p>F\u00f6reningen ska f\u00e4lla tr\u00e4d av f\u00f6ljande orsaker:<\/p>\n<ul>\n<li>Att sk\u00f6ta marken, ex. undvika extremt v\u00e5ta marker vid stigarna och runt elsk\u00e5pet mitt p\u00e5 \u00f6n.<\/li>\n<li>Att tr\u00e4d utifr\u00e5n dess max\u00e5lder (beror p\u00e5 sort) eller sjukdom tas ned innan de riskerar att stormf\u00e4llas eller annan risk.<\/li>\n<li>F\u00f6reningen ska anlita professionella tr\u00e4df\u00e4llare tillsammans med markfogdarna uppdrag av olika anledningar: deras sakkunskap, att de kan analysera var man b\u00f6r ta bort tr\u00e4d d\u00e4r det kan finnas risker f\u00f6r personskador. H\u00e4nger ihop med f\u00f6rs\u00e4kringsregler kring egendoms- och personskador.<\/li>\n<li>F\u00f6reningens f\u00e4llningar ska f\u00f6reg\u00e5s av information.<\/li>\n<\/ul>\n<p><strong><span style=\"vertical-align: inherit;\"><span style=\"vertical-align: inherit;\">Grovsopor<\/span><\/span><\/strong><\/p>\n<p><span style=\"vertical-align: inherit;\"><span style=\"vertical-align: inherit;\">St\u00e4mman har beslutat att alla medlemmar \u00e4ven forts\u00e4ttningsvis ombes\u00f6rjer omh\u00e4ndertagande \/ h\u00e4mtning av sina egna eventuella grovsopor.<\/span><\/span><\/p>\n<p><span style=\"font-size: small;\"><span style=\"vertical-align: inherit;\"><span style=\"vertical-align: inherit;\">Information om kostnader och sorteringslista finns p\u00e5 V\u00e4rmd\u00f6 Kommuns hemsida:<\/span><\/span><\/span><\/p>\n<p><span style=\"vertical-align: inherit;\"><span style=\"vertical-align: inherit;\">Sorteringslista:<\/span><\/span><\/p>\n<p><a href=\"https:\/\/www2.varmdo.se\/Resource.phx\/plaza\/publica\/invanare\/avfall\/allm\/sortering.htx?aps=invanare\"><span style=\"vertical-align: inherit;\"><span style=\"vertical-align: inherit;\">https:\/\/www2.varmdo.se\/Resource.phx\/plaza\/publica\/invanare\/avfall\/allm\/sortering.htx?aps=invanare<\/span><\/span><\/a><\/p>\n<p><span style=\"vertical-align: inherit;\"><span style=\"vertical-align: inherit;\">Prisuppgifter kontakta Kommunen.<\/span><\/span><\/p>\n","protected":false},"excerpt":{"rendered":"<p>En eller flera gemensamma st\u00e4dtillf\u00e4llen per \u00e5r samordnas av respektive markfogde. Kontakta g\u00e4rna markfogden som har hand om omr\u00e5det d\u00e4r du bor f\u00f6r mer information eller rekommendationer. F\u00f6r att f\u00e5 skog och ekosystem att trivas m\u00e5ste man l\u00e4mna, ris, kvistar &hellip; <a href=\"http:\/\/www.storaalgo.se\/?page_id=48\">L\u00e4s mer <span class=\"meta-nav\">&rarr;<\/span><\/a><\/p>\n","protected":false},"author":4,"featured_media":0,"parent":371,"menu_order":50,"comment_status":"closed","ping_status":"open","template":"","meta":[],"_links":{"self":[{"href":"http:\/\/www.storaalgo.se\/index.php?rest_route=\/wp\/v2\/pages\/48"}],"collection":[{"href":"http:\/\/www.storaalgo.se\/index.php?rest_route=\/wp\/v2\/pages"}],"about":[{"href":"http:\/\/www.storaalgo.se\/index.php?rest_route=\/wp\/v2\/types\/page"}],"author":[{"embeddable":true,"href":"http:\/\/www.storaalgo.se\/index.php?rest_route=\/wp\/v2\/users\/4"}],"replies":[{"embeddable":true,"href":"http:\/\/www.storaalgo.se\/index.php?rest_route=%2Fwp%2Fv2%2Fcomments&post=48"}],"version-history":[{"count":22,"href":"http:\/\/www.storaalgo.se\/index.php?rest_route=\/wp\/v2\/pages\/48\/revisions"}],"predecessor-version":[{"id":1741,"href":"http:\/\/www.storaalgo.se\/index.php?rest_route=\/wp\/v2\/pages\/48\/revisions\/1741"}],"up":[{"embeddable":true,"href":"http:\/\/www.storaalgo.se\/index.php?rest_route=\/wp\/v2\/pages\/371"}],"wp:attachment":[{"href":"http:\/\/www.storaalgo.se\/index.php?rest_route=%2Fwp%2Fv2%2Fmedia&parent=48"}],"curies":[{"name":"wp","href":"https:\/\/api.w.org\/{rel}","templated":true}]}}