{"id":2078,"date":"2022-06-18T10:36:55","date_gmt":"2022-06-18T08:36:55","guid":{"rendered":"http:\/\/www.storaalgo.se\/?page_id=2078"},"modified":"2023-06-18T11:12:43","modified_gmt":"2023-06-18T09:12:43","slug":"fyrhjulingar","status":"publish","type":"page","link":"http:\/\/www.storaalgo.se\/?page_id=2078","title":{"rendered":"Fyrhjulingar"},"content":{"rendered":"\n<p>H\u00e4r kan ni se vad som g\u00e4ller f\u00f6r fyrhjulingar:<\/p>\n\n\n\n<p><a href=\"https:\/\/www.transportstyrelsen.se\/globalassets\/global\/publikationer\/vag\/trafikant\/korkort\/kora-fyrhjuling_ts201502.pdf\">https:\/\/www.transportstyrelsen.se\/globalassets\/global\/publikationer\/vag\/trafikant\/korkort\/kora-fyrhjuling_ts201502.pdf<\/a><\/p>\n","protected":false},"excerpt":{"rendered":"<p>H\u00e4r kan ni se vad som g\u00e4ller f\u00f6r fyrhjulingar: https:\/\/www.transportstyrelsen.se\/globalassets\/global\/publikationer\/vag\/trafikant\/korkort\/kora-fyrhjuling_ts201502.pdf<\/p>\n","protected":false},"author":4,"featured_media":0,"parent":63,"menu_order":0,"comment_status":"closed","ping_status":"closed","template":"","meta":[],"_links":{"self":[{"href":"http:\/\/www.storaalgo.se\/index.php?rest_route=\/wp\/v2\/pages\/2078"}],"collection":[{"href":"http:\/\/www.storaalgo.se\/index.php?rest_route=\/wp\/v2\/pages"}],"about":[{"href":"http:\/\/www.storaalgo.se\/index.php?rest_route=\/wp\/v2\/types\/page"}],"author":[{"embeddable":true,"href":"http:\/\/www.storaalgo.se\/index.php?rest_route=\/wp\/v2\/users\/4"}],"replies":[{"embeddable":true,"href":"http:\/\/www.storaalgo.se\/index.php?rest_route=%2Fwp%2Fv2%2Fcomments&post=2078"}],"version-history":[{"count":2,"href":"http:\/\/www.storaalgo.se\/index.php?rest_route=\/wp\/v2\/pages\/2078\/revisions"}],"predecessor-version":[{"id":2080,"href":"http:\/\/www.storaalgo.se\/index.php?rest_route=\/wp\/v2\/pages\/2078\/revisions\/2080"}],"up":[{"embeddable":true,"href":"http:\/\/www.storaalgo.se\/index.php?rest_route=\/wp\/v2\/pages\/63"}],"wp:attachment":[{"href":"http:\/\/www.storaalgo.se\/index.php?rest_route=%2Fwp%2Fv2%2Fmedia&parent=2078"}],"curies":[{"name":"wp","href":"https:\/\/api.w.org\/{rel}","templated":true}]}}