{"id":185,"date":"2009-12-09T11:18:55","date_gmt":"2009-12-09T15:18:55","guid":{"rendered":"http:\/\/www.storaalgo.se\/?page_id=185"},"modified":"2022-01-17T19:04:03","modified_gmt":"2022-01-17T18:04:03","slug":"ovrigt","status":"publish","type":"page","link":"http:\/\/www.storaalgo.se\/?page_id=185","title":{"rendered":"Grovsopor\/service, dricksvatten, mm."},"content":{"rendered":"<p><strong>Grovsopor<\/strong><\/p>\n<p>Individuell grovsopl\u00e4mning skall till\u00e4mpas.<\/p>\n<p>H\u00e4r hittar du information om \u00f6ppettider till <a href=\"https:\/\/www2.varmdo.se\/Resource.phx\/plaza\/publica\/invanare\/avfall\/index.htx?aps=invanare\">V\u00e4rmd\u00f6 kommuns \u00e5tervinningscentraler<\/a>:<\/p>\n<p>H\u00e4r finns \u00f6ppettider till <a href=\"https:\/\/www2.varmdo.se\/Resource.phx\/plaza\/publica\/invanare\/avfall\/lamna-avfall\/avcoppetfast.htx?aps=invanare\">\u00e5tervinningscentralen i Hemmesta<\/a><\/p>\n<p>H\u00e4r kan du ta del av information om <a href=\"https:\/\/www2.varmdo.se\/Resource.phx\/pubman\/templates\/414.htx?id=8470\">grovsopb\u00e5ten i sk\u00e4rg\u00e5rden<\/a><\/p>\n<p>F\u00f6r extrah\u00e4mtning vid brygga eller containerh\u00e4mtning av st\u00f6rre m\u00e4ngder mm. kan du alltid kontakta kundtj\u00e4nst p\u00e5 V\u00e4rmd\u00f6 kommun tfn.08-570 474 00.<\/p>\n<p title=\"Seabag\"><a href=\"http:\/\/seabag.se\/\">Seabag<\/a> f\u00f6r grovsopor<\/p>\n<p>Information om <a href=\"http:\/\/www.varmdo.se\/byggaboochmiljo\/vattenochavlopp\/enskiltdricksvatten.4.28a80d9d13dcb0f021b592.html\">dricksvatten <\/a>hos V\u00e4rmd\u00f6 Kommun.<\/p>\n<p>Information om <a href=\"http:\/\/www.villaagarna.se\/Tips-artiklar\/Hus-hem\/Egen-brunn--en-viktig-tillgang\">egen brunn<\/a> &#8211; tips fr\u00e5n Villa\u00e4garna.<\/p>\n<p>&nbsp;<\/p>\n","protected":false},"excerpt":{"rendered":"<p>Grovsopor Individuell grovsopl\u00e4mning skall till\u00e4mpas. H\u00e4r hittar du information om \u00f6ppettider till V\u00e4rmd\u00f6 kommuns \u00e5tervinningscentraler: H\u00e4r finns \u00f6ppettider till \u00e5tervinningscentralen i Hemmesta H\u00e4r kan du ta del av information om grovsopb\u00e5ten i sk\u00e4rg\u00e5rden F\u00f6r extrah\u00e4mtning vid brygga eller containerh\u00e4mtning av &hellip; <a href=\"http:\/\/www.storaalgo.se\/?page_id=185\">L\u00e4s mer <span class=\"meta-nav\">&rarr;<\/span><\/a><\/p>\n","protected":false},"author":4,"featured_media":0,"parent":63,"menu_order":55,"comment_status":"closed","ping_status":"open","template":"","meta":[],"_links":{"self":[{"href":"http:\/\/www.storaalgo.se\/index.php?rest_route=\/wp\/v2\/pages\/185"}],"collection":[{"href":"http:\/\/www.storaalgo.se\/index.php?rest_route=\/wp\/v2\/pages"}],"about":[{"href":"http:\/\/www.storaalgo.se\/index.php?rest_route=\/wp\/v2\/types\/page"}],"author":[{"embeddable":true,"href":"http:\/\/www.storaalgo.se\/index.php?rest_route=\/wp\/v2\/users\/4"}],"replies":[{"embeddable":true,"href":"http:\/\/www.storaalgo.se\/index.php?rest_route=%2Fwp%2Fv2%2Fcomments&post=185"}],"version-history":[{"count":21,"href":"http:\/\/www.storaalgo.se\/index.php?rest_route=\/wp\/v2\/pages\/185\/revisions"}],"predecessor-version":[{"id":1519,"href":"http:\/\/www.storaalgo.se\/index.php?rest_route=\/wp\/v2\/pages\/185\/revisions\/1519"}],"up":[{"embeddable":true,"href":"http:\/\/www.storaalgo.se\/index.php?rest_route=\/wp\/v2\/pages\/63"}],"wp:attachment":[{"href":"http:\/\/www.storaalgo.se\/index.php?rest_route=%2Fwp%2Fv2%2Fmedia&parent=185"}],"curies":[{"name":"wp","href":"https:\/\/api.w.org\/{rel}","templated":true}]}}