{"id":1840,"date":"2020-04-05T15:01:41","date_gmt":"2020-04-05T13:01:41","guid":{"rendered":"http:\/\/www.storaalgo.se\/?page_id=1840"},"modified":"2021-11-22T19:47:22","modified_gmt":"2021-11-22T18:47:22","slug":"stadgar-for-foreningen","status":"publish","type":"page","link":"http:\/\/www.storaalgo.se\/?page_id=1840","title":{"rendered":"Stadgar f\u00f6r f\u00f6reningen"},"content":{"rendered":"\n<p><a href=\"http:\/\/www.storaalgo.se\/wp-content\/uploads\/2021\/04\/STADGAR-Stora-\u00c4lg\u00f6-2.pdf\" target=\"_blank\" rel=\"noreferrer noopener\">Stadgar<\/a> Stora \u00c4lg\u00f6 Tomt\u00e4garf\u00f6rening<\/p>\n\n\n\n<figure class=\"wp-block-image size-large\"><img loading=\"lazy\" width=\"1024\" height=\"684\" src=\"http:\/\/www.storaalgo.se\/wp-content\/uploads\/2016\/04\/08-1024x684.jpg\" alt=\"\" class=\"wp-image-1504\" srcset=\"http:\/\/www.storaalgo.se\/wp-content\/uploads\/2016\/04\/08-1024x684.jpg 1024w, http:\/\/www.storaalgo.se\/wp-content\/uploads\/2016\/04\/08-300x200.jpg 300w\" sizes=\"(max-width: 1024px) 100vw, 1024px\" \/><\/figure>\n","protected":false},"excerpt":{"rendered":"<p>Stadgar Stora \u00c4lg\u00f6 Tomt\u00e4garf\u00f6rening<\/p>\n","protected":false},"author":4,"featured_media":0,"parent":63,"menu_order":0,"comment_status":"closed","ping_status":"closed","template":"","meta":[],"_links":{"self":[{"href":"http:\/\/www.storaalgo.se\/index.php?rest_route=\/wp\/v2\/pages\/1840"}],"collection":[{"href":"http:\/\/www.storaalgo.se\/index.php?rest_route=\/wp\/v2\/pages"}],"about":[{"href":"http:\/\/www.storaalgo.se\/index.php?rest_route=\/wp\/v2\/types\/page"}],"author":[{"embeddable":true,"href":"http:\/\/www.storaalgo.se\/index.php?rest_route=\/wp\/v2\/users\/4"}],"replies":[{"embeddable":true,"href":"http:\/\/www.storaalgo.se\/index.php?rest_route=%2Fwp%2Fv2%2Fcomments&post=1840"}],"version-history":[{"count":3,"href":"http:\/\/www.storaalgo.se\/index.php?rest_route=\/wp\/v2\/pages\/1840\/revisions"}],"predecessor-version":[{"id":1942,"href":"http:\/\/www.storaalgo.se\/index.php?rest_route=\/wp\/v2\/pages\/1840\/revisions\/1942"}],"up":[{"embeddable":true,"href":"http:\/\/www.storaalgo.se\/index.php?rest_route=\/wp\/v2\/pages\/63"}],"wp:attachment":[{"href":"http:\/\/www.storaalgo.se\/index.php?rest_route=%2Fwp%2Fv2%2Fmedia&parent=1840"}],"curies":[{"name":"wp","href":"https:\/\/api.w.org\/{rel}","templated":true}]}}