{"id":1645,"date":"2019-05-05T04:32:02","date_gmt":"2019-05-05T08:32:02","guid":{"rendered":"http:\/\/www.storaalgo.se\/?page_id=1645"},"modified":"2021-11-22T19:48:02","modified_gmt":"2021-11-22T18:48:02","slug":"arsmote-2018-med-avloppsfragan","status":"publish","type":"page","link":"http:\/\/www.storaalgo.se\/?page_id=1645","title":{"rendered":"\u00c5rsm\u00f6te 2018 Avloppsfr\u00e5gan"},"content":{"rendered":"\n<p><a href=\"http:\/\/www.storaalgo.se\/?attachment_id=1647\">Avloppsfr\u00e5gan, information.<\/a><\/p>\n","protected":false},"excerpt":{"rendered":"<p>Avloppsfr\u00e5gan, information.<\/p>\n","protected":false},"author":4,"featured_media":0,"parent":63,"menu_order":0,"comment_status":"closed","ping_status":"closed","template":"","meta":[],"_links":{"self":[{"href":"http:\/\/www.storaalgo.se\/index.php?rest_route=\/wp\/v2\/pages\/1645"}],"collection":[{"href":"http:\/\/www.storaalgo.se\/index.php?rest_route=\/wp\/v2\/pages"}],"about":[{"href":"http:\/\/www.storaalgo.se\/index.php?rest_route=\/wp\/v2\/types\/page"}],"author":[{"embeddable":true,"href":"http:\/\/www.storaalgo.se\/index.php?rest_route=\/wp\/v2\/users\/4"}],"replies":[{"embeddable":true,"href":"http:\/\/www.storaalgo.se\/index.php?rest_route=%2Fwp%2Fv2%2Fcomments&post=1645"}],"version-history":[{"count":4,"href":"http:\/\/www.storaalgo.se\/index.php?rest_route=\/wp\/v2\/pages\/1645\/revisions"}],"predecessor-version":[{"id":1660,"href":"http:\/\/www.storaalgo.se\/index.php?rest_route=\/wp\/v2\/pages\/1645\/revisions\/1660"}],"up":[{"embeddable":true,"href":"http:\/\/www.storaalgo.se\/index.php?rest_route=\/wp\/v2\/pages\/63"}],"wp:attachment":[{"href":"http:\/\/www.storaalgo.se\/index.php?rest_route=%2Fwp%2Fv2%2Fmedia&parent=1645"}],"curies":[{"name":"wp","href":"https:\/\/api.w.org\/{rel}","templated":true}]}}