{"id":11,"date":"2009-08-25T14:28:52","date_gmt":"2009-08-25T18:28:52","guid":{"rendered":"http:\/\/www.storaalgo.se\/?page_id=11"},"modified":"2022-01-17T18:56:16","modified_gmt":"2022-01-17T17:56:16","slug":"historik","status":"publish","type":"page","link":"http:\/\/www.storaalgo.se\/?page_id=11","title":{"rendered":"Historik"},"content":{"rendered":"<div>\n<p>Visst \u00e4r det fantastiskt att vi kan l\u00e4sa om hur det en g\u00e5ng i tiden var att leva p\u00e5 Stora \u00c4lg\u00f6.<\/p>\n<p>Vill du dela med dig av dinna minnen h\u00e4r p\u00e5 Stora \u00c4lg\u00f6?<\/p>\n<p>F\u00f6r att f\u00e5 din ber\u00e4ttelse publicerad g\u00e5r du&nbsp;till fliken &#8221;kontakt&#8221;&nbsp;f\u00f6r att skicka ett mejl.<\/p>\n<\/div>\n\n\n<p><\/p>\n","protected":false},"excerpt":{"rendered":"<p>Visst \u00e4r det fantastiskt att vi kan l\u00e4sa om hur det en g\u00e5ng i tiden var att leva p\u00e5 Stora \u00c4lg\u00f6. Vill du dela med dig av dinna minnen h\u00e4r p\u00e5 Stora \u00c4lg\u00f6? F\u00f6r att f\u00e5 din ber\u00e4ttelse publicerad g\u00e5r &hellip; <a href=\"http:\/\/www.storaalgo.se\/?page_id=11\">L\u00e4s mer <span class=\"meta-nav\">&rarr;<\/span><\/a><\/p>\n","protected":false},"author":4,"featured_media":0,"parent":0,"menu_order":4,"comment_status":"closed","ping_status":"open","template":"","meta":[],"_links":{"self":[{"href":"http:\/\/www.storaalgo.se\/index.php?rest_route=\/wp\/v2\/pages\/11"}],"collection":[{"href":"http:\/\/www.storaalgo.se\/index.php?rest_route=\/wp\/v2\/pages"}],"about":[{"href":"http:\/\/www.storaalgo.se\/index.php?rest_route=\/wp\/v2\/types\/page"}],"author":[{"embeddable":true,"href":"http:\/\/www.storaalgo.se\/index.php?rest_route=\/wp\/v2\/users\/4"}],"replies":[{"embeddable":true,"href":"http:\/\/www.storaalgo.se\/index.php?rest_route=%2Fwp%2Fv2%2Fcomments&post=11"}],"version-history":[{"count":15,"href":"http:\/\/www.storaalgo.se\/index.php?rest_route=\/wp\/v2\/pages\/11\/revisions"}],"predecessor-version":[{"id":2053,"href":"http:\/\/www.storaalgo.se\/index.php?rest_route=\/wp\/v2\/pages\/11\/revisions\/2053"}],"wp:attachment":[{"href":"http:\/\/www.storaalgo.se\/index.php?rest_route=%2Fwp%2Fv2%2Fmedia&parent=11"}],"curies":[{"name":"wp","href":"https:\/\/api.w.org\/{rel}","templated":true}]}}